{"id":553,"date":"2023-01-20T15:46:07","date_gmt":"2023-01-20T15:46:07","guid":{"rendered":"http:\/\/www.techno-plants.com\/?page_id=553"},"modified":"2024-05-29T17:11:39","modified_gmt":"2024-05-29T15:11:39","slug":"azienda","status":"publish","type":"page","link":"https:\/\/techno-plants.com\/it\/azienda\/","title":{"rendered":"Azienda"},"content":{"rendered":"\t\t<div data-elementor-type=\"wp-page\" data-elementor-id=\"553\" class=\"elementor elementor-553\" data-elementor-post-type=\"page\">\n\t\t\t\t\t\t<section class=\"elementor-section elementor-top-section elementor-element elementor-element-3440742 elementor-section-height-min-height elementor-section-items-stretch elementor-section-boxed elementor-section-height-default\" data-id=\"3440742\" data-element_type=\"section\">\n\t\t\t\t\t\t<div class=\"elementor-container elementor-column-gap-wide\">\n\t\t\t\t\t<div class=\"elementor-column elementor-col-50 elementor-top-column elementor-element elementor-element-363f218\" data-id=\"363f218\" data-element_type=\"column\">\n\t\t\t<div class=\"elementor-widget-wrap elementor-element-populated\">\n\t\t\t\t\t\t<div class=\"elementor-element elementor-element-79fa40f elementor-widget elementor-widget-heading\" data-id=\"79fa40f\" data-element_type=\"widget\" data-widget_type=\"heading.default\">\n\t\t\t\t<div class=\"elementor-widget-container\">\n\t\t\t\t\t<h1 class=\"elementor-heading-title elementor-size-default\">La nostra storia guarda al futuro<\/h1>\t\t\t\t<\/div>\n\t\t\t\t<\/div>\n\t\t\t\t<div class=\"elementor-element elementor-element-04d6749 elementor-widget__width-initial elementor-widget-mobile__width-inherit elementor-widget elementor-widget-heading\" data-id=\"04d6749\" data-element_type=\"widget\" data-widget_type=\"heading.default\">\n\t\t\t\t<div class=\"elementor-widget-container\">\n\t\t\t\t\t<div class=\"elementor-heading-title elementor-size-default\">Technoplants srl \u00e8 stata fondata nel 1984 ed \u00e8 divenuta ben presto un fornitore riconosciuto di aziende leader del settore del non tessuto.<\/div>\t\t\t\t<\/div>\n\t\t\t\t<\/div>\n\t\t\t\t<div class=\"elementor-element elementor-element-b0ee1f9 elementor-widget__width-auto elementor-mobile-align-justify elementor-widget-mobile__width-inherit elementor-widget elementor-widget-button\" data-id=\"b0ee1f9\" data-element_type=\"widget\" data-widget_type=\"button.default\">\n\t\t\t\t<div class=\"elementor-widget-container\">\n\t\t\t\t\t\t\t\t\t<div class=\"elementor-button-wrapper\">\n\t\t\t\t\t<a class=\"elementor-button elementor-button-link elementor-size-sm elementor-animation-shrink\" href=\"#scopri-di-piu\">\n\t\t\t\t\t\t<span class=\"elementor-button-content-wrapper\">\n\t\t\t\t\t\t\t\t\t<span class=\"elementor-button-text\">Scopri di pi\u00f9<\/span>\n\t\t\t\t\t<\/span>\n\t\t\t\t\t<\/a>\n\t\t\t\t<\/div>\n\t\t\t\t\t\t\t\t<\/div>\n\t\t\t\t<\/div>\n\t\t\t\t<div class=\"elementor-element elementor-element-4b1bb24 elementor-absolute elementor-view-default elementor-widget elementor-widget-icon\" data-id=\"4b1bb24\" data-element_type=\"widget\" data-settings=\"{&quot;_position&quot;:&quot;absolute&quot;}\" data-widget_type=\"icon.default\">\n\t\t\t\t<div class=\"elementor-widget-container\">\n\t\t\t\t\t\t\t<div class=\"elementor-icon-wrapper\">\n\t\t\t<div class=\"elementor-icon\">\n\t\t\t<i aria-hidden=\"true\" class=\"fas fa-circle\"><\/i>\t\t\t<\/div>\n\t\t<\/div>\n\t\t\t\t\t\t<\/div>\n\t\t\t\t<\/div>\n\t\t\t\t\t<\/div>\n\t\t<\/div>\n\t\t\t\t<div class=\"elementor-column elementor-col-50 elementor-top-column elementor-element elementor-element-7ef6d9d\" data-id=\"7ef6d9d\" data-element_type=\"column\">\n\t\t\t<div class=\"elementor-widget-wrap elementor-element-populated\">\n\t\t\t\t\t\t<div class=\"elementor-element elementor-element-3866327 elementor-absolute elementor-hidden-mobile elementor-view-default elementor-widget elementor-widget-icon\" data-id=\"3866327\" data-element_type=\"widget\" data-settings=\"{&quot;_position&quot;:&quot;absolute&quot;}\" data-widget_type=\"icon.default\">\n\t\t\t\t<div class=\"elementor-widget-container\">\n\t\t\t\t\t\t\t<div class=\"elementor-icon-wrapper\">\n\t\t\t<div class=\"elementor-icon\">\n\t\t\t<i aria-hidden=\"true\" class=\"fas fa-circle\"><\/i>\t\t\t<\/div>\n\t\t<\/div>\n\t\t\t\t\t\t<\/div>\n\t\t\t\t<\/div>\n\t\t\t\t<div class=\"elementor-element elementor-element-fc35f33 elementor-absolute elementor-widget elementor-widget-image-carousel\" data-id=\"fc35f33\" data-element_type=\"widget\" data-settings=\"{&quot;slides_to_show&quot;:&quot;1&quot;,&quot;navigation&quot;:&quot;none&quot;,&quot;lazyload&quot;:&quot;yes&quot;,&quot;pause_on_interaction&quot;:&quot;no&quot;,&quot;autoplay_speed&quot;:3000,&quot;effect&quot;:&quot;fade&quot;,&quot;_position&quot;:&quot;absolute&quot;,&quot;autoplay&quot;:&quot;yes&quot;,&quot;pause_on_hover&quot;:&quot;yes&quot;,&quot;infinite&quot;:&quot;yes&quot;,&quot;speed&quot;:500}\" data-widget_type=\"image-carousel.default\">\n\t\t\t\t<div class=\"elementor-widget-container\">\n\t\t\t\t\t\t\t<div class=\"elementor-image-carousel-wrapper swiper\" role=\"region\" aria-roledescription=\"carousel\" aria-label=\"Carosello d&#039;immagini\" dir=\"ltr\">\n\t\t\t<div class=\"elementor-image-carousel swiper-wrapper swiper-image-stretch\" aria-live=\"off\">\n\t\t\t\t\t\t\t\t<div class=\"swiper-slide\" role=\"group\" aria-roledescription=\"slide\" aria-label=\"1 di 2\"><figure class=\"swiper-slide-inner\"><img class=\"swiper-slide-image swiper-lazy\" data-src=\"https:\/\/techno-plants.com\/wp-content\/uploads\/2024\/05\/Capannone_diritta-e1716978570585.webp\" alt=\"Capannone_diritta\" \/><div class=\"swiper-lazy-preloader\"><\/div><\/figure><\/div><div class=\"swiper-slide\" role=\"group\" aria-roledescription=\"slide\" aria-label=\"2 di 2\"><figure class=\"swiper-slide-inner\"><img class=\"swiper-slide-image swiper-lazy\" data-src=\"https:\/\/techno-plants.com\/wp-content\/uploads\/2024\/05\/foto-azienda-techno-plants-e1716995490265.webp\" alt=\"foto-azienda-techno-plants\" \/><div class=\"swiper-lazy-preloader\"><\/div><\/figure><\/div>\t\t\t<\/div>\n\t\t\t\t\t\t\t\n\t\t\t\t\t\t\t\t\t<\/div>\n\t\t\t\t\t\t<\/div>\n\t\t\t\t<\/div>\n\t\t\t\t<div class=\"elementor-element elementor-element-2ed23ab elementor-absolute elementor-view-default elementor-widget elementor-widget-icon\" data-id=\"2ed23ab\" data-element_type=\"widget\" data-settings=\"{&quot;_position&quot;:&quot;absolute&quot;}\" data-widget_type=\"icon.default\">\n\t\t\t\t<div class=\"elementor-widget-container\">\n\t\t\t\t\t\t\t<div class=\"elementor-icon-wrapper\">\n\t\t\t<div class=\"elementor-icon\">\n\t\t\t<i aria-hidden=\"true\" class=\"fas fa-circle\"><\/i>\t\t\t<\/div>\n\t\t<\/div>\n\t\t\t\t\t\t<\/div>\n\t\t\t\t<\/div>\n\t\t\t\t\t<\/div>\n\t\t<\/div>\n\t\t\t\t\t<\/div>\n\t\t<\/section>\n\t\t\t\t<section class=\"elementor-section elementor-top-section elementor-element elementor-element-f52b101 elementor-reverse-mobile elementor-section-boxed elementor-section-height-default elementor-section-height-default\" data-id=\"f52b101\" data-element_type=\"section\" id=\"scopri-di-piu\">\n\t\t\t\t\t\t<div class=\"elementor-container elementor-column-gap-wide\">\n\t\t\t\t\t<div class=\"elementor-column elementor-col-50 elementor-top-column elementor-element elementor-element-5c496ef\" data-id=\"5c496ef\" data-element_type=\"column\">\n\t\t\t<div class=\"elementor-widget-wrap elementor-element-populated\">\n\t\t\t\t\t\t<div class=\"elementor-element elementor-element-120abef elementor-widget elementor-widget-image\" data-id=\"120abef\" data-element_type=\"widget\" data-settings=\"{&quot;motion_fx_motion_fx_scrolling&quot;:&quot;yes&quot;,&quot;motion_fx_translateX_effect&quot;:&quot;yes&quot;,&quot;motion_fx_translateX_speed&quot;:{&quot;unit&quot;:&quot;px&quot;,&quot;size&quot;:1,&quot;sizes&quot;:[]},&quot;motion_fx_devices&quot;:[&quot;desktop&quot;,&quot;tablet&quot;],&quot;motion_fx_translateX_affectedRange&quot;:{&quot;unit&quot;:&quot;%&quot;,&quot;size&quot;:&quot;&quot;,&quot;sizes&quot;:{&quot;start&quot;:0,&quot;end&quot;:100}}}\" data-widget_type=\"image.default\">\n\t\t\t\t<div class=\"elementor-widget-container\">\n\t\t\t\t\t\t\t\t\t\t\t\t\t\t\t<img fetchpriority=\"high\" decoding=\"async\" width=\"549\" height=\"366\" src=\"https:\/\/techno-plants.com\/wp-content\/uploads\/2023\/01\/techno-plants.png\" class=\"attachment-full size-full wp-image-558\" alt=\"\" srcset=\"https:\/\/techno-plants.com\/wp-content\/uploads\/2023\/01\/techno-plants.png 549w, https:\/\/techno-plants.com\/wp-content\/uploads\/2023\/01\/techno-plants-300x200.png 300w\" sizes=\"(max-width: 549px) 100vw, 549px\" \/>\t\t\t\t\t\t\t\t\t\t\t\t\t\t\t<\/div>\n\t\t\t\t<\/div>\n\t\t\t\t<div class=\"elementor-element elementor-element-0911f7b elementor-absolute elementor-widget elementor-widget-image\" data-id=\"0911f7b\" data-element_type=\"widget\" data-settings=\"{&quot;_position&quot;:&quot;absolute&quot;,&quot;motion_fx_motion_fx_scrolling&quot;:&quot;yes&quot;,&quot;motion_fx_translateY_effect&quot;:&quot;yes&quot;,&quot;motion_fx_translateY_direction&quot;:&quot;negative&quot;,&quot;motion_fx_translateY_speed&quot;:{&quot;unit&quot;:&quot;px&quot;,&quot;size&quot;:1,&quot;sizes&quot;:[]},&quot;motion_fx_translateX_effect&quot;:&quot;yes&quot;,&quot;motion_fx_translateX_direction&quot;:&quot;negative&quot;,&quot;motion_fx_translateX_speed&quot;:{&quot;unit&quot;:&quot;px&quot;,&quot;size&quot;:1,&quot;sizes&quot;:[]},&quot;motion_fx_devices&quot;:[&quot;desktop&quot;,&quot;tablet&quot;],&quot;motion_fx_translateY_affectedRange&quot;:{&quot;unit&quot;:&quot;%&quot;,&quot;size&quot;:&quot;&quot;,&quot;sizes&quot;:{&quot;start&quot;:0,&quot;end&quot;:100}},&quot;motion_fx_translateX_affectedRange&quot;:{&quot;unit&quot;:&quot;%&quot;,&quot;size&quot;:&quot;&quot;,&quot;sizes&quot;:{&quot;start&quot;:0,&quot;end&quot;:100}}}\" data-widget_type=\"image.default\">\n\t\t\t\t<div class=\"elementor-widget-container\">\n\t\t\t\t\t\t\t\t\t\t\t\t\t\t\t<img decoding=\"async\" width=\"338\" height=\"123\" src=\"https:\/\/techno-plants.com\/wp-content\/uploads\/2023\/01\/rettangolo.svg\" class=\"attachment-full size-full wp-image-564\" alt=\"\" \/>\t\t\t\t\t\t\t\t\t\t\t\t\t\t\t<\/div>\n\t\t\t\t<\/div>\n\t\t\t\t<div class=\"elementor-element elementor-element-0ac20e7 elementor-absolute elementor-widget elementor-widget-image\" data-id=\"0ac20e7\" data-element_type=\"widget\" data-settings=\"{&quot;_position&quot;:&quot;absolute&quot;,&quot;motion_fx_motion_fx_scrolling&quot;:&quot;yes&quot;,&quot;motion_fx_translateX_effect&quot;:&quot;yes&quot;,&quot;motion_fx_translateX_direction&quot;:&quot;negative&quot;,&quot;motion_fx_translateX_speed&quot;:{&quot;unit&quot;:&quot;px&quot;,&quot;size&quot;:2.5,&quot;sizes&quot;:[]},&quot;motion_fx_devices&quot;:[&quot;desktop&quot;,&quot;tablet&quot;],&quot;motion_fx_translateX_affectedRange&quot;:{&quot;unit&quot;:&quot;%&quot;,&quot;size&quot;:&quot;&quot;,&quot;sizes&quot;:{&quot;start&quot;:0,&quot;end&quot;:100}}}\" data-widget_type=\"image.default\">\n\t\t\t\t<div class=\"elementor-widget-container\">\n\t\t\t\t\t\t\t\t\t\t\t\t\t\t\t<img decoding=\"async\" width=\"458\" height=\"212\" src=\"https:\/\/techno-plants.com\/wp-content\/uploads\/2023\/01\/storia.png\" class=\"attachment-full size-full wp-image-559\" alt=\"\" srcset=\"https:\/\/techno-plants.com\/wp-content\/uploads\/2023\/01\/storia.png 458w, https:\/\/techno-plants.com\/wp-content\/uploads\/2023\/01\/storia-300x139.png 300w\" sizes=\"(max-width: 458px) 100vw, 458px\" \/>\t\t\t\t\t\t\t\t\t\t\t\t\t\t\t<\/div>\n\t\t\t\t<\/div>\n\t\t\t\t<div class=\"elementor-element elementor-element-ca3745a elementor-absolute elementor-view-default elementor-widget elementor-widget-icon\" data-id=\"ca3745a\" data-element_type=\"widget\" data-settings=\"{&quot;_position&quot;:&quot;absolute&quot;}\" data-widget_type=\"icon.default\">\n\t\t\t\t<div class=\"elementor-widget-container\">\n\t\t\t\t\t\t\t<div class=\"elementor-icon-wrapper\">\n\t\t\t<div class=\"elementor-icon\">\n\t\t\t<i aria-hidden=\"true\" class=\"fas fa-circle\"><\/i>\t\t\t<\/div>\n\t\t<\/div>\n\t\t\t\t\t\t<\/div>\n\t\t\t\t<\/div>\n\t\t\t\t\t<\/div>\n\t\t<\/div>\n\t\t\t\t<div class=\"elementor-column elementor-col-50 elementor-top-column elementor-element elementor-element-e6c1a32\" data-id=\"e6c1a32\" data-element_type=\"column\">\n\t\t\t<div class=\"elementor-widget-wrap elementor-element-populated\">\n\t\t\t\t\t\t<div class=\"elementor-element elementor-element-230d09e elementor-invisible elementor-widget elementor-widget-heading\" data-id=\"230d09e\" data-element_type=\"widget\" data-settings=\"{&quot;_animation&quot;:&quot;fadeIn&quot;}\" data-widget_type=\"heading.default\">\n\t\t\t\t<div class=\"elementor-widget-container\">\n\t\t\t\t\t<h2 class=\"elementor-heading-title elementor-size-default\">TECHNO PLANTS<\/h2>\t\t\t\t<\/div>\n\t\t\t\t<\/div>\n\t\t\t\t<div class=\"elementor-element elementor-element-2c9fe93 elementor-widget elementor-widget-text-editor\" data-id=\"2c9fe93\" data-element_type=\"widget\" data-widget_type=\"text-editor.default\">\n\t\t\t\t<div class=\"elementor-widget-container\">\n\t\t\t\t\t\t\t\t\t<p>Technoplants srl \u00e8 stata fondata nel 1984 ed \u00e8 divenuta ben presto un fornitore riconosciuto di aziende leader del settore del non tessuto.<\/p><p>La gamma di prodotti che inizialmente comprendeva faldatori ed agugliatrici, \u00e8 stata completata con una nuova serie di taglierine, avvolgitori, fine linea e sistemi di cardatura ad aria.<\/p><p>L\u2019esperienza accumulata dopo anni di attivit\u00e0 ha permesso a Technoplants srl di proporsi per la fornitura di linee di produzione complete e innovative, alcune delle quali brevettate, per la realizzazione di prodotti tecnicamente avanzati.<\/p><p>Nel corso degli anni non \u00e8 cambiato l\u2019impegno nella ricerca dell\u2019innovazione, della qualit\u00e0 e soddisfazione del cliente.<\/p><p>A questa filosofia ci ispiriamo per il perseguimento dei nostri obiettivi futuri. Technoplants srl e il suo personale si basano su questo patrimonio di esperienza per soddisfare le richieste tecniche e commerciali di ogni cliente.<\/p>\t\t\t\t\t\t\t\t<\/div>\n\t\t\t\t<\/div>\n\t\t\t\t\t<\/div>\n\t\t<\/div>\n\t\t\t\t\t<\/div>\n\t\t<\/section>\n\t\t\t\t<section class=\"elementor-section elementor-top-section elementor-element elementor-element-2e1d756 elementor-section-boxed elementor-section-height-default elementor-section-height-default\" data-id=\"2e1d756\" data-element_type=\"section\">\n\t\t\t\t\t\t<div class=\"elementor-container elementor-column-gap-wide\">\n\t\t\t\t\t<div class=\"elementor-column elementor-col-100 elementor-top-column elementor-element elementor-element-8526bff\" data-id=\"8526bff\" data-element_type=\"column\">\n\t\t\t<div class=\"elementor-widget-wrap elementor-element-populated\">\n\t\t\t\t\t\t<div class=\"elementor-element elementor-element-447fe33 elementor-invisible elementor-widget elementor-widget-heading\" data-id=\"447fe33\" data-element_type=\"widget\" data-settings=\"{&quot;_animation&quot;:&quot;fadeIn&quot;}\" data-widget_type=\"heading.default\">\n\t\t\t\t<div class=\"elementor-widget-container\">\n\t\t\t\t\t<h2 class=\"elementor-heading-title elementor-size-default\">MISSION<\/h2>\t\t\t\t<\/div>\n\t\t\t\t<\/div>\n\t\t\t\t<div class=\"elementor-element elementor-element-764cf71 elementor-widget elementor-widget-text-editor\" data-id=\"764cf71\" data-element_type=\"widget\" data-widget_type=\"text-editor.default\">\n\t\t\t\t<div class=\"elementor-widget-container\">\n\t\t\t\t\t\t\t\t\t<p>Nel corso degli anni non \u00e8 cambiato l\u2019impegno nella ricerca dell\u2019innovazione, della qualit\u00e0 e soddisfazione del cliente.<\/p><p>A questa filosofia ci ispiriamo per il perseguimento dei nostri obiettivi futuri. Technoplants srl e il suo personale si basano su questo patrimonio di esperienza per soddisfare le richieste tecniche e commerciali di ogni cliente.<\/p>\t\t\t\t\t\t\t\t<\/div>\n\t\t\t\t<\/div>\n\t\t\t\t\t<\/div>\n\t\t<\/div>\n\t\t\t\t\t<\/div>\n\t\t<\/section>\n\t\t\t\t<\/div>\n\t\t","protected":false},"excerpt":{"rendered":"<p>La nostra storia guarda al futuro Technoplants srl \u00e8 stata fondata nel 1984 ed \u00e8 divenuta ben presto un fornitore riconosciuto di aziende leader del settore del non tessuto. Scopri di pi\u00f9 TECHNO PLANTS Technoplants srl \u00e8 stata fondata nel 1984 ed \u00e8 divenuta ben presto un fornitore riconosciuto di aziende leader del settore del [&hellip;]<\/p>\n","protected":false},"author":2,"featured_media":0,"parent":0,"menu_order":0,"comment_status":"closed","ping_status":"closed","template":"","meta":{"_acf_changed":false,"inline_featured_image":false,"footnotes":""},"class_list":["post-553","page","type-page","status-publish","hentry"],"acf":[],"yoast_head":"<!-- This site is optimized with the Yoast SEO plugin v25.3 - https:\/\/yoast.com\/wordpress\/plugins\/seo\/ -->\n<title>Azienda - TechnoPlants<\/title>\n<meta name=\"robots\" content=\"index, follow, max-snippet:-1, max-image-preview:large, max-video-preview:-1\" \/>\n<link rel=\"canonical\" href=\"https:\/\/techno-plants.com\/it\/azienda\/\" \/>\n<meta property=\"og:locale\" content=\"it_IT\" \/>\n<meta property=\"og:type\" content=\"article\" \/>\n<meta property=\"og:title\" content=\"Azienda - TechnoPlants\" \/>\n<meta property=\"og:description\" content=\"La nostra storia guarda al futuro Technoplants srl \u00e8 stata fondata nel 1984 ed \u00e8 divenuta ben presto un fornitore riconosciuto di aziende leader del settore del non tessuto. Scopri di pi\u00f9 TECHNO PLANTS Technoplants srl \u00e8 stata fondata nel 1984 ed \u00e8 divenuta ben presto un fornitore riconosciuto di aziende leader del settore del [&hellip;]\" \/>\n<meta property=\"og:url\" content=\"https:\/\/techno-plants.com\/it\/azienda\/\" \/>\n<meta property=\"og:site_name\" content=\"TechnoPlants\" \/>\n<meta property=\"article:modified_time\" content=\"2024-05-29T15:11:39+00:00\" \/>\n<meta property=\"og:image\" content=\"https:\/\/techno-plants.com\/wp-content\/uploads\/2024\/05\/Capannone_diritta-e1716978570585.webp\" \/>\n<meta name=\"twitter:card\" content=\"summary_large_image\" \/>\n<meta name=\"twitter:label1\" content=\"Tempo di lettura stimato\" \/>\n\t<meta name=\"twitter:data1\" content=\"3 minuti\" \/>\n<script type=\"application\/ld+json\" class=\"yoast-schema-graph\">{\"@context\":\"https:\/\/schema.org\",\"@graph\":[{\"@type\":\"WebPage\",\"@id\":\"https:\/\/techno-plants.com\/it\/azienda\/\",\"url\":\"https:\/\/techno-plants.com\/it\/azienda\/\",\"name\":\"Azienda - TechnoPlants\",\"isPartOf\":{\"@id\":\"https:\/\/techno-plants.com\/it\/#website\"},\"primaryImageOfPage\":{\"@id\":\"https:\/\/techno-plants.com\/it\/azienda\/#primaryimage\"},\"image\":{\"@id\":\"https:\/\/techno-plants.com\/it\/azienda\/#primaryimage\"},\"thumbnailUrl\":\"https:\/\/techno-plants.com\/wp-content\/uploads\/2024\/05\/Capannone_diritta-e1716978570585.webp\",\"datePublished\":\"2023-01-20T15:46:07+00:00\",\"dateModified\":\"2024-05-29T15:11:39+00:00\",\"breadcrumb\":{\"@id\":\"https:\/\/techno-plants.com\/it\/azienda\/#breadcrumb\"},\"inLanguage\":\"it-IT\",\"potentialAction\":[{\"@type\":\"ReadAction\",\"target\":[\"https:\/\/techno-plants.com\/it\/azienda\/\"]}]},{\"@type\":\"ImageObject\",\"inLanguage\":\"it-IT\",\"@id\":\"https:\/\/techno-plants.com\/it\/azienda\/#primaryimage\",\"url\":\"https:\/\/techno-plants.com\/wp-content\/uploads\/2024\/05\/Capannone_diritta-e1716978570585.webp\",\"contentUrl\":\"https:\/\/techno-plants.com\/wp-content\/uploads\/2024\/05\/Capannone_diritta-e1716978570585.webp\"},{\"@type\":\"BreadcrumbList\",\"@id\":\"https:\/\/techno-plants.com\/it\/azienda\/#breadcrumb\",\"itemListElement\":[{\"@type\":\"ListItem\",\"position\":1,\"name\":\"Home\",\"item\":\"https:\/\/techno-plants.com\/it\/\"},{\"@type\":\"ListItem\",\"position\":2,\"name\":\"Azienda\"}]},{\"@type\":\"WebSite\",\"@id\":\"https:\/\/techno-plants.com\/it\/#website\",\"url\":\"https:\/\/techno-plants.com\/it\/\",\"name\":\"TechnoPlants\",\"description\":\"Produzione di macchine per il tessuto non tessuto\",\"publisher\":{\"@id\":\"https:\/\/techno-plants.com\/it\/#organization\"},\"potentialAction\":[{\"@type\":\"SearchAction\",\"target\":{\"@type\":\"EntryPoint\",\"urlTemplate\":\"https:\/\/techno-plants.com\/it\/?s={search_term_string}\"},\"query-input\":{\"@type\":\"PropertyValueSpecification\",\"valueRequired\":true,\"valueName\":\"search_term_string\"}}],\"inLanguage\":\"it-IT\"},{\"@type\":\"Organization\",\"@id\":\"https:\/\/techno-plants.com\/it\/#organization\",\"name\":\"TECHNOplants\",\"url\":\"https:\/\/techno-plants.com\/it\/\",\"logo\":{\"@type\":\"ImageObject\",\"inLanguage\":\"it-IT\",\"@id\":\"https:\/\/techno-plants.com\/it\/#\/schema\/logo\/image\/\",\"url\":\"https:\/\/techno-plants.com\/wp-content\/uploads\/2024\/06\/logo-technoplants-favicon.png\",\"contentUrl\":\"https:\/\/techno-plants.com\/wp-content\/uploads\/2024\/06\/logo-technoplants-favicon.png\",\"width\":513,\"height\":513,\"caption\":\"TECHNOplants\"},\"image\":{\"@id\":\"https:\/\/techno-plants.com\/it\/#\/schema\/logo\/image\/\"}}]}<\/script>\n<!-- \/ Yoast SEO plugin. -->","yoast_head_json":{"title":"Azienda - TechnoPlants","robots":{"index":"index","follow":"follow","max-snippet":"max-snippet:-1","max-image-preview":"max-image-preview:large","max-video-preview":"max-video-preview:-1"},"canonical":"https:\/\/techno-plants.com\/it\/azienda\/","og_locale":"it_IT","og_type":"article","og_title":"Azienda - TechnoPlants","og_description":"La nostra storia guarda al futuro Technoplants srl \u00e8 stata fondata nel 1984 ed \u00e8 divenuta ben presto un fornitore riconosciuto di aziende leader del settore del non tessuto. Scopri di pi\u00f9 TECHNO PLANTS Technoplants srl \u00e8 stata fondata nel 1984 ed \u00e8 divenuta ben presto un fornitore riconosciuto di aziende leader del settore del [&hellip;]","og_url":"https:\/\/techno-plants.com\/it\/azienda\/","og_site_name":"TechnoPlants","article_modified_time":"2024-05-29T15:11:39+00:00","og_image":[{"url":"https:\/\/techno-plants.com\/wp-content\/uploads\/2024\/05\/Capannone_diritta-e1716978570585.webp","type":"","width":"","height":""}],"twitter_card":"summary_large_image","twitter_misc":{"Tempo di lettura stimato":"3 minuti"},"schema":{"@context":"https:\/\/schema.org","@graph":[{"@type":"WebPage","@id":"https:\/\/techno-plants.com\/it\/azienda\/","url":"https:\/\/techno-plants.com\/it\/azienda\/","name":"Azienda - TechnoPlants","isPartOf":{"@id":"https:\/\/techno-plants.com\/it\/#website"},"primaryImageOfPage":{"@id":"https:\/\/techno-plants.com\/it\/azienda\/#primaryimage"},"image":{"@id":"https:\/\/techno-plants.com\/it\/azienda\/#primaryimage"},"thumbnailUrl":"https:\/\/techno-plants.com\/wp-content\/uploads\/2024\/05\/Capannone_diritta-e1716978570585.webp","datePublished":"2023-01-20T15:46:07+00:00","dateModified":"2024-05-29T15:11:39+00:00","breadcrumb":{"@id":"https:\/\/techno-plants.com\/it\/azienda\/#breadcrumb"},"inLanguage":"it-IT","potentialAction":[{"@type":"ReadAction","target":["https:\/\/techno-plants.com\/it\/azienda\/"]}]},{"@type":"ImageObject","inLanguage":"it-IT","@id":"https:\/\/techno-plants.com\/it\/azienda\/#primaryimage","url":"https:\/\/techno-plants.com\/wp-content\/uploads\/2024\/05\/Capannone_diritta-e1716978570585.webp","contentUrl":"https:\/\/techno-plants.com\/wp-content\/uploads\/2024\/05\/Capannone_diritta-e1716978570585.webp"},{"@type":"BreadcrumbList","@id":"https:\/\/techno-plants.com\/it\/azienda\/#breadcrumb","itemListElement":[{"@type":"ListItem","position":1,"name":"Home","item":"https:\/\/techno-plants.com\/it\/"},{"@type":"ListItem","position":2,"name":"Azienda"}]},{"@type":"WebSite","@id":"https:\/\/techno-plants.com\/it\/#website","url":"https:\/\/techno-plants.com\/it\/","name":"TechnoPlants","description":"Produzione di macchine per il tessuto non tessuto","publisher":{"@id":"https:\/\/techno-plants.com\/it\/#organization"},"potentialAction":[{"@type":"SearchAction","target":{"@type":"EntryPoint","urlTemplate":"https:\/\/techno-plants.com\/it\/?s={search_term_string}"},"query-input":{"@type":"PropertyValueSpecification","valueRequired":true,"valueName":"search_term_string"}}],"inLanguage":"it-IT"},{"@type":"Organization","@id":"https:\/\/techno-plants.com\/it\/#organization","name":"TECHNOplants","url":"https:\/\/techno-plants.com\/it\/","logo":{"@type":"ImageObject","inLanguage":"it-IT","@id":"https:\/\/techno-plants.com\/it\/#\/schema\/logo\/image\/","url":"https:\/\/techno-plants.com\/wp-content\/uploads\/2024\/06\/logo-technoplants-favicon.png","contentUrl":"https:\/\/techno-plants.com\/wp-content\/uploads\/2024\/06\/logo-technoplants-favicon.png","width":513,"height":513,"caption":"TECHNOplants"},"image":{"@id":"https:\/\/techno-plants.com\/it\/#\/schema\/logo\/image\/"}}]}},"_links":{"self":[{"href":"https:\/\/techno-plants.com\/it\/wp-json\/wp\/v2\/pages\/553","targetHints":{"allow":["GET"]}}],"collection":[{"href":"https:\/\/techno-plants.com\/it\/wp-json\/wp\/v2\/pages"}],"about":[{"href":"https:\/\/techno-plants.com\/it\/wp-json\/wp\/v2\/types\/page"}],"author":[{"embeddable":true,"href":"https:\/\/techno-plants.com\/it\/wp-json\/wp\/v2\/users\/2"}],"replies":[{"embeddable":true,"href":"https:\/\/techno-plants.com\/it\/wp-json\/wp\/v2\/comments?post=553"}],"version-history":[{"count":94,"href":"https:\/\/techno-plants.com\/it\/wp-json\/wp\/v2\/pages\/553\/revisions"}],"predecessor-version":[{"id":4204,"href":"https:\/\/techno-plants.com\/it\/wp-json\/wp\/v2\/pages\/553\/revisions\/4204"}],"wp:attachment":[{"href":"https:\/\/techno-plants.com\/it\/wp-json\/wp\/v2\/media?parent=553"}],"curies":[{"name":"wp","href":"https:\/\/api.w.org\/{rel}","templated":true}]}}