{"id":3,"date":"2023-01-04T14:25:20","date_gmt":"2023-01-04T14:25:20","guid":{"rendered":"http:\/\/www.techno-plants.com\/?page_id=3"},"modified":"2024-04-18T10:55:04","modified_gmt":"2024-04-18T08:55:04","slug":"privacy-policy","status":"publish","type":"page","link":"https:\/\/techno-plants.com\/it\/privacy-policy\/","title":{"rendered":"Privacy Policy"},"content":{"rendered":"\t\t<div data-elementor-type=\"wp-page\" data-elementor-id=\"3\" class=\"elementor elementor-3\" data-elementor-post-type=\"page\">\n\t\t\t\t\t\t<section class=\"elementor-section elementor-top-section elementor-element elementor-element-614076d elementor-section-boxed elementor-section-height-default elementor-section-height-default\" data-id=\"614076d\" data-element_type=\"section\">\n\t\t\t\t\t\t<div class=\"elementor-container elementor-column-gap-wide\">\n\t\t\t\t\t<div class=\"elementor-column elementor-col-100 elementor-top-column elementor-element elementor-element-3c56154\" data-id=\"3c56154\" data-element_type=\"column\">\n\t\t\t<div class=\"elementor-widget-wrap elementor-element-populated\">\n\t\t\t\t\t\t<div class=\"elementor-element elementor-element-132f729 elementor-widget elementor-widget-breadcrumbs\" data-id=\"132f729\" data-element_type=\"widget\" data-widget_type=\"breadcrumbs.default\">\n\t\t\t\t<div class=\"elementor-widget-container\">\n\t\t\t\t\t<div id=\"breadcrumbs\"><span><span><a href=\"https:\/\/techno-plants.com\/it\/\">Home<\/a><\/span><\/span><\/div>\t\t\t\t<\/div>\n\t\t\t\t<\/div>\n\t\t\t\t<div class=\"elementor-element elementor-element-0ead984 elementor-widget elementor-widget-heading\" data-id=\"0ead984\" data-element_type=\"widget\" data-widget_type=\"heading.default\">\n\t\t\t\t<div class=\"elementor-widget-container\">\n\t\t\t\t\t<h1 class=\"elementor-heading-title elementor-size-default\">Privacy Policy<\/h1>\t\t\t\t<\/div>\n\t\t\t\t<\/div>\n\t\t\t\t<div class=\"elementor-element elementor-element-e61b87f elementor-widget elementor-widget-text-editor\" data-id=\"e61b87f\" data-element_type=\"widget\" data-widget_type=\"text-editor.default\">\n\t\t\t\t<div class=\"elementor-widget-container\">\n\t\t\t\t\t\t\t\t\t\n<p><strong>OGGETTO<\/strong>:\u00a0<em>informativa ai sensi dell&#8217;art. 13 del Regolamento UE 2016\/679 (\u201cGDPR\u201d),\u00a0<a name=\"_Hlk506394348\"><\/a>relativa alla tutela del trattamento dei dati personali raccolti presso l&#8217;interessato.<\/em><\/p>\n<ul>\n<li><strong>PREMESSA<\/strong><\/li>\n<\/ul>\n<p>Nello scambio di corrispondenza tra aziende non si pu\u00f2 escludere la presenza di informazioni che riguardano le persone fisiche nello svolgimento della propria mansione per conto della Vs. Societ\u00e0 (ad es. collaboratori, personale di segreteria, etc.).<br \/>La presente informativa \u00e8 da intendersi rivolta alle suddette persone fisiche, alle quali preghiamo di inoltrarla.<br \/>Se la Vs. Societ\u00e0 garantisce la corrispondenza necessaria in forma anonima o pseudonomizzata, vi preghiamo di non tenere conto di questo documento.<\/p>\n<ul>\n<li><strong>TITOLARE DEL TRATTAMENTO<\/strong><\/li>\n<\/ul>\n<p><a name=\"_Hlk512330714\"><\/a>Il titolare del trattamento \u00e8\u00a0<a name=\"_Hlk512344735\"><\/a>Technoplants Srl\u00a0\u2013 sede legale: Via S. Pierino al Vescovo, 1\/E &#8211; Pistoia \u00a0P.IVA 01683460974, tel. 0573\/98471 , e-mail: info@techno-plants.com<\/p>\n<ul>\n<li><strong>RESPONSABILE DELLA PROTEZIONE DEI DATI<\/strong><\/li>\n<\/ul>\n<p>Non ricadendo nella casistica specificata dall&#8217;art. 37 del reg. UE 2016\/679, considerate anche le indicazioni della linea guida WP243, il Responsabile della Protezione dei Dati non \u00e8 stato designato.<\/p>\n<ul>\n<li><strong>BASE GIURIDICA, FINALIT\u00c0 ED OBBLIGATORIETA&#8217; DEL TRATTAMENTO<\/strong><\/li>\n<\/ul>\n<p>il trattamento dei dati personali di cui siamo in possesso o che Le saranno richiesti o che ci verranno comunicati da Lei o da terzi sar\u00e0 svolto in esecuzione di:<\/p>\n<table border=\"1\" width=\"671\" cellspacing=\"0\" cellpadding=\"0\">\n<tbody>\n<tr>\n<td width=\"19\">\n<p align=\"center\">X<\/p>\n<\/td>\n<td width=\"652\">\n<p>Obblighi di legge: fatturazione, scritture, registrazioni ed altre finalit\u00e0 di tipo amministrativo\/contabile;<\/p>\n<\/td>\n<\/tr>\n<tr>\n<td width=\"19\">\n<p align=\"center\">X<\/p>\n<\/td>\n<td width=\"652\">\n<p>Obblighi contrattuali: fornitura di beni e\/o servizi;<\/p>\n<\/td>\n<\/tr>\n<tr>\n<td width=\"19\">\n<p align=\"center\">X<\/p>\n<\/td>\n<td width=\"652\">\n<p>Soddisfazione di una richiesta effettuata dall&#8217;interessato;<\/p>\n<\/td>\n<\/tr>\n<\/tbody>\n<\/table>\n<p>La comunicazione dei dati personali non \u00e8 obbligatoria. L&#8217;esecuzione del contratto ed in generale lo scambio delle informazioni tra le Aziende pu\u00f2 essere conseguito anche attraverso documenti, comunicazioni, contatti anonimizzati e pseudonomizzati.<\/p>\n<ul>\n<li><strong>LICEITA&#8217; DEL TRATTAMENTO<\/strong><\/li>\n<\/ul>\n<p>Il trattamento \u00e8 lecito in quanto:<\/p>\n<table border=\"1\" width=\"689\" cellspacing=\"0\" cellpadding=\"0\">\n<tbody>\n<tr>\n<td width=\"19\">\n<p align=\"center\">\u00a0<\/p>\n<\/td>\n<td width=\"670\">\n<ul>\n<li>L&#8217;interessato ha espresso un consenso per una o pi\u00f9 finalit\u00e0;<\/li>\n<\/ul>\n<\/td>\n<\/tr>\n<tr>\n<td width=\"19\">\n<p align=\"center\">\u00a0<\/p>\n<\/td>\n<td width=\"670\">\n<ul>\n<li>Il trattamento \u00e8 necessario all&#8217;esecuzione di un contratto di cui l&#8217;interessato \u00e8 parte o di misure precontrattuali richieste dallo stesso;<\/li>\n<\/ul>\n<\/td>\n<\/tr>\n<tr>\n<td width=\"19\">\n<p align=\"center\">X<\/p>\n<\/td>\n<td width=\"670\">\n<ul>\n<li>Il trattamento \u00e8 necessario per adempiere ad un obbligo legale al quale \u00e8 soggetto il titolare del trattamento;<\/li>\n<\/ul>\n<\/td>\n<\/tr>\n<tr>\n<td width=\"19\">\n<p align=\"center\">\u00a0<\/p>\n<\/td>\n<td width=\"670\">\n<ul>\n<li>Il trattamento \u00e8 necessario per la salvaguardia degli interessi vitali dell&#8217;interessato o di altra persona fisica;<\/li>\n<\/ul>\n<\/td>\n<\/tr>\n<tr>\n<td width=\"19\">\n<p align=\"center\">\u00a0<\/p>\n<\/td>\n<td width=\"670\">\n<ul>\n<li>Il trattamento \u00e8 necessario per l&#8217;esecuzione di un compito di interesse pubblico o connesso all&#8217;esercizio di pubblici poteri;<\/li>\n<\/ul>\n<\/td>\n<\/tr>\n<tr>\n<td width=\"19\">\n<p align=\"center\">X<\/p>\n<\/td>\n<td width=\"670\">\n<ul>\n<li>Il trattamento \u00e8 necessario per il perseguimento di un legittimo interesse (esecuzione del contratto, perseguimento del proprio oggetto sociale).<\/li>\n<\/ul>\n<\/td>\n<\/tr>\n<\/tbody>\n<\/table>\n<p>\u00a0<\/p>\n<ul>\n<li><strong>DESTINATARI DEI DATI PERSONALI<\/strong><\/li>\n<li>I dati personali sono trattati, oltre che dal personale incaricato interno all&#8217;azienda, anche dai seguenti soggetti ai quali potranno essere comunicati:<\/li>\n<li>consulente fiscale, legale e del lavoro;<\/li>\n<li><a name=\"_Hlk512330459\"><\/a>consulenti per ambiti specifici (salute e sicurezza nei luoghi di lavoro, manutenzione\/amministrazione dei sistemi informatici hardware\/software, revisione contabile);<\/li>\n<\/ul>\n<ul>\n<li>soggetti che possono accedere ai Suoi dati in forza di disposizioni normative;<\/li>\n<li>organismi di controllo, anche a seguito di ispezioni o verifiche;<\/li>\n<li>aziende di trasporto e logistica (in esecuzione degli obblighi contrattuali e nel perseguimento del proprio oggetto sociale);<\/li>\n<li>aziende o professionisti appaltatori o subappaltatori (in esecuzione degli obblighi contrattuali e nel perseguimento del proprio oggetto sociale).<\/li>\n<li>\u00a0<\/li>\n<li><a name=\"_Hlk512330562\"><\/a>La denominazione dei soggetti sopraelencati \u00e8 disponibile in ogni momento dietro richiesta da parte dell&#8217;interessato.<\/li>\n<\/ul>\n<ul>\n<li>\u00a0<\/li>\n<li><strong>Trasferimento di dati personali a paesi terzi od organizzazioni internazionali<\/strong><\/li>\n<\/ul>\n<p>Non \u00e8 previsto il trasferimento di dati personali fuori dalla Comunit\u00e0 Europea o ad organizzazioni internazionali.<\/p>\n<ul>\n<li><strong>Periodo di conservazione dei dati personali<\/strong><\/li>\n<\/ul>\n<p>La durata della conservazione dei dati, ove non esistano obblighi normativi od ove non pervenga una richiesta di cancellazione da parte dell&#8217;interessato, viene stabilita in base alla sussistenza delle finalit\u00e0 di cui alla lettera \u201cd\u201d, alla necessit\u00e0 del regolare svolgimento dell&#8217;attivit\u00e0 lavorativa oppure in base ad obblighi normativi specifici.<br \/><br \/><strong>Diritti dell&#8217;interessato<\/strong><br \/>L&#8217;interessato ha diritto di chiedere in ogni momento accesso, rettifica e portabilit\u00e0 dei dati personali che lo riguardano, nonch\u00e9 di opporsi al trattamento, revocare il consenso o proporre reclamo all&#8217;autorit\u00e0 Garante per il trattamento dei dati personali.<\/p>\n<ul>\n<li><strong>Processi decisionali automatizzati<\/strong><\/li>\n<\/ul>\n<p>I Dati non sono trattati con processi automatizzati.<\/p>\n\t\t\t\t\t\t\t\t<\/div>\n\t\t\t\t<\/div>\n\t\t\t\t<div class=\"elementor-element elementor-element-592c256 elementor-absolute elementor-view-default elementor-widget elementor-widget-icon\" data-id=\"592c256\" data-element_type=\"widget\" data-settings=\"{&quot;_position&quot;:&quot;absolute&quot;}\" data-widget_type=\"icon.default\">\n\t\t\t\t<div class=\"elementor-widget-container\">\n\t\t\t\t\t\t\t<div class=\"elementor-icon-wrapper\">\n\t\t\t<div class=\"elementor-icon\">\n\t\t\t<i aria-hidden=\"true\" class=\"fas fa-circle\"><\/i>\t\t\t<\/div>\n\t\t<\/div>\n\t\t\t\t\t\t<\/div>\n\t\t\t\t<\/div>\n\t\t\t\t\t<\/div>\n\t\t<\/div>\n\t\t\t\t\t<\/div>\n\t\t<\/section>\n\t\t\t\t<\/div>\n\t\t","protected":false},"excerpt":{"rendered":"<p>Privacy Policy OGGETTO:\u00a0informativa ai sensi dell&#8217;art. 13 del Regolamento UE 2016\/679 (\u201cGDPR\u201d),\u00a0relativa alla tutela del trattamento dei dati personali raccolti presso l&#8217;interessato. PREMESSA Nello scambio di corrispondenza tra aziende non si pu\u00f2 escludere la presenza di informazioni che riguardano le persone fisiche nello svolgimento della propria mansione per conto della Vs. Societ\u00e0 (ad es. collaboratori, [&hellip;]<\/p>\n","protected":false},"author":1,"featured_media":0,"parent":0,"menu_order":0,"comment_status":"closed","ping_status":"open","template":"","meta":{"_acf_changed":false,"inline_featured_image":false,"footnotes":""},"class_list":["post-3","page","type-page","status-publish","hentry"],"acf":[],"yoast_head":"<!-- This site is optimized with the Yoast SEO plugin v25.3 - https:\/\/yoast.com\/wordpress\/plugins\/seo\/ -->\n<title>Privacy Policy - TechnoPlants<\/title>\n<meta name=\"robots\" content=\"index, follow, max-snippet:-1, max-image-preview:large, max-video-preview:-1\" \/>\n<link rel=\"canonical\" href=\"https:\/\/techno-plants.com\/it\/privacy-policy\/\" \/>\n<meta property=\"og:locale\" content=\"it_IT\" \/>\n<meta property=\"og:type\" content=\"article\" \/>\n<meta property=\"og:title\" content=\"Privacy Policy - TechnoPlants\" \/>\n<meta property=\"og:description\" content=\"Privacy Policy OGGETTO:\u00a0informativa ai sensi dell&#8217;art. 13 del Regolamento UE 2016\/679 (\u201cGDPR\u201d),\u00a0relativa alla tutela del trattamento dei dati personali raccolti presso l&#8217;interessato. PREMESSA Nello scambio di corrispondenza tra aziende non si pu\u00f2 escludere la presenza di informazioni che riguardano le persone fisiche nello svolgimento della propria mansione per conto della Vs. Societ\u00e0 (ad es. collaboratori, [&hellip;]\" \/>\n<meta property=\"og:url\" content=\"https:\/\/techno-plants.com\/it\/privacy-policy\/\" \/>\n<meta property=\"og:site_name\" content=\"TechnoPlants\" \/>\n<meta property=\"article:modified_time\" content=\"2024-04-18T08:55:04+00:00\" \/>\n<meta property=\"og:image\" content=\"https:\/\/techno-plants.com\/wp-content\/uploads\/2024\/05\/foto-azienda-techno-plants-e1716995490265.webp\" \/>\n\t<meta property=\"og:image:width\" content=\"1600\" \/>\n\t<meta property=\"og:image:height\" content=\"1200\" \/>\n\t<meta property=\"og:image:type\" content=\"image\/webp\" \/>\n<meta name=\"twitter:card\" content=\"summary_large_image\" \/>\n<meta name=\"twitter:label1\" content=\"Tempo di lettura stimato\" \/>\n\t<meta name=\"twitter:data1\" content=\"4 minuti\" \/>\n<script type=\"application\/ld+json\" class=\"yoast-schema-graph\">{\"@context\":\"https:\/\/schema.org\",\"@graph\":[{\"@type\":\"WebPage\",\"@id\":\"https:\/\/techno-plants.com\/it\/privacy-policy\/\",\"url\":\"https:\/\/techno-plants.com\/it\/privacy-policy\/\",\"name\":\"Privacy Policy - TechnoPlants\",\"isPartOf\":{\"@id\":\"https:\/\/techno-plants.com\/it\/#website\"},\"datePublished\":\"2023-01-04T14:25:20+00:00\",\"dateModified\":\"2024-04-18T08:55:04+00:00\",\"breadcrumb\":{\"@id\":\"https:\/\/techno-plants.com\/it\/privacy-policy\/#breadcrumb\"},\"inLanguage\":\"it-IT\",\"potentialAction\":[{\"@type\":\"ReadAction\",\"target\":[\"https:\/\/techno-plants.com\/it\/privacy-policy\/\"]}]},{\"@type\":\"BreadcrumbList\",\"@id\":\"https:\/\/techno-plants.com\/it\/privacy-policy\/#breadcrumb\",\"itemListElement\":[{\"@type\":\"ListItem\",\"position\":1,\"name\":\"Home\",\"item\":\"https:\/\/techno-plants.com\/it\/\"},{\"@type\":\"ListItem\",\"position\":2,\"name\":\"Privacy Policy\"}]},{\"@type\":\"WebSite\",\"@id\":\"https:\/\/techno-plants.com\/it\/#website\",\"url\":\"https:\/\/techno-plants.com\/it\/\",\"name\":\"TechnoPlants\",\"description\":\"Produzione di macchine per il tessuto non tessuto\",\"publisher\":{\"@id\":\"https:\/\/techno-plants.com\/it\/#organization\"},\"potentialAction\":[{\"@type\":\"SearchAction\",\"target\":{\"@type\":\"EntryPoint\",\"urlTemplate\":\"https:\/\/techno-plants.com\/it\/?s={search_term_string}\"},\"query-input\":{\"@type\":\"PropertyValueSpecification\",\"valueRequired\":true,\"valueName\":\"search_term_string\"}}],\"inLanguage\":\"it-IT\"},{\"@type\":\"Organization\",\"@id\":\"https:\/\/techno-plants.com\/it\/#organization\",\"name\":\"TECHNOplants\",\"url\":\"https:\/\/techno-plants.com\/it\/\",\"logo\":{\"@type\":\"ImageObject\",\"inLanguage\":\"it-IT\",\"@id\":\"https:\/\/techno-plants.com\/it\/#\/schema\/logo\/image\/\",\"url\":\"https:\/\/techno-plants.com\/wp-content\/uploads\/2024\/06\/logo-technoplants-favicon.png\",\"contentUrl\":\"https:\/\/techno-plants.com\/wp-content\/uploads\/2024\/06\/logo-technoplants-favicon.png\",\"width\":513,\"height\":513,\"caption\":\"TECHNOplants\"},\"image\":{\"@id\":\"https:\/\/techno-plants.com\/it\/#\/schema\/logo\/image\/\"}}]}<\/script>\n<!-- \/ Yoast SEO plugin. -->","yoast_head_json":{"title":"Privacy Policy - TechnoPlants","robots":{"index":"index","follow":"follow","max-snippet":"max-snippet:-1","max-image-preview":"max-image-preview:large","max-video-preview":"max-video-preview:-1"},"canonical":"https:\/\/techno-plants.com\/it\/privacy-policy\/","og_locale":"it_IT","og_type":"article","og_title":"Privacy Policy - TechnoPlants","og_description":"Privacy Policy OGGETTO:\u00a0informativa ai sensi dell&#8217;art. 13 del Regolamento UE 2016\/679 (\u201cGDPR\u201d),\u00a0relativa alla tutela del trattamento dei dati personali raccolti presso l&#8217;interessato. PREMESSA Nello scambio di corrispondenza tra aziende non si pu\u00f2 escludere la presenza di informazioni che riguardano le persone fisiche nello svolgimento della propria mansione per conto della Vs. Societ\u00e0 (ad es. collaboratori, [&hellip;]","og_url":"https:\/\/techno-plants.com\/it\/privacy-policy\/","og_site_name":"TechnoPlants","article_modified_time":"2024-04-18T08:55:04+00:00","og_image":[{"width":1600,"height":1200,"url":"https:\/\/techno-plants.com\/wp-content\/uploads\/2024\/05\/foto-azienda-techno-plants-e1716995490265.webp","type":"image\/webp"}],"twitter_card":"summary_large_image","twitter_misc":{"Tempo di lettura stimato":"4 minuti"},"schema":{"@context":"https:\/\/schema.org","@graph":[{"@type":"WebPage","@id":"https:\/\/techno-plants.com\/it\/privacy-policy\/","url":"https:\/\/techno-plants.com\/it\/privacy-policy\/","name":"Privacy Policy - TechnoPlants","isPartOf":{"@id":"https:\/\/techno-plants.com\/it\/#website"},"datePublished":"2023-01-04T14:25:20+00:00","dateModified":"2024-04-18T08:55:04+00:00","breadcrumb":{"@id":"https:\/\/techno-plants.com\/it\/privacy-policy\/#breadcrumb"},"inLanguage":"it-IT","potentialAction":[{"@type":"ReadAction","target":["https:\/\/techno-plants.com\/it\/privacy-policy\/"]}]},{"@type":"BreadcrumbList","@id":"https:\/\/techno-plants.com\/it\/privacy-policy\/#breadcrumb","itemListElement":[{"@type":"ListItem","position":1,"name":"Home","item":"https:\/\/techno-plants.com\/it\/"},{"@type":"ListItem","position":2,"name":"Privacy Policy"}]},{"@type":"WebSite","@id":"https:\/\/techno-plants.com\/it\/#website","url":"https:\/\/techno-plants.com\/it\/","name":"TechnoPlants","description":"Produzione di macchine per il tessuto non tessuto","publisher":{"@id":"https:\/\/techno-plants.com\/it\/#organization"},"potentialAction":[{"@type":"SearchAction","target":{"@type":"EntryPoint","urlTemplate":"https:\/\/techno-plants.com\/it\/?s={search_term_string}"},"query-input":{"@type":"PropertyValueSpecification","valueRequired":true,"valueName":"search_term_string"}}],"inLanguage":"it-IT"},{"@type":"Organization","@id":"https:\/\/techno-plants.com\/it\/#organization","name":"TECHNOplants","url":"https:\/\/techno-plants.com\/it\/","logo":{"@type":"ImageObject","inLanguage":"it-IT","@id":"https:\/\/techno-plants.com\/it\/#\/schema\/logo\/image\/","url":"https:\/\/techno-plants.com\/wp-content\/uploads\/2024\/06\/logo-technoplants-favicon.png","contentUrl":"https:\/\/techno-plants.com\/wp-content\/uploads\/2024\/06\/logo-technoplants-favicon.png","width":513,"height":513,"caption":"TECHNOplants"},"image":{"@id":"https:\/\/techno-plants.com\/it\/#\/schema\/logo\/image\/"}}]}},"_links":{"self":[{"href":"https:\/\/techno-plants.com\/it\/wp-json\/wp\/v2\/pages\/3","targetHints":{"allow":["GET"]}}],"collection":[{"href":"https:\/\/techno-plants.com\/it\/wp-json\/wp\/v2\/pages"}],"about":[{"href":"https:\/\/techno-plants.com\/it\/wp-json\/wp\/v2\/types\/page"}],"author":[{"embeddable":true,"href":"https:\/\/techno-plants.com\/it\/wp-json\/wp\/v2\/users\/1"}],"replies":[{"embeddable":true,"href":"https:\/\/techno-plants.com\/it\/wp-json\/wp\/v2\/comments?post=3"}],"version-history":[{"count":3,"href":"https:\/\/techno-plants.com\/it\/wp-json\/wp\/v2\/pages\/3\/revisions"}],"predecessor-version":[{"id":3950,"href":"https:\/\/techno-plants.com\/it\/wp-json\/wp\/v2\/pages\/3\/revisions\/3950"}],"wp:attachment":[{"href":"https:\/\/techno-plants.com\/it\/wp-json\/wp\/v2\/media?parent=3"}],"curies":[{"name":"wp","href":"https:\/\/api.w.org\/{rel}","templated":true}]}}